{"id":8922,"date":"2023-08-08T14:14:07","date_gmt":"2023-08-08T18:14:07","guid":{"rendered":"https:\/\/hotelbonaventure.com\/?page_id=8922"},"modified":"2023-08-08T15:59:16","modified_gmt":"2023-08-08T19:59:16","slug":"services-3","status":"publish","type":"page","link":"https:\/\/hotelbonaventure.com\/fr\/services-3\/","title":{"rendered":"Services"},"content":{"rendered":"\t\t<div data-elementor-type=\"wp-post\" data-elementor-id=\"8922\" class=\"elementor elementor-8922\" data-elementor-post-type=\"page\">\n\t\t\t\t\t\t<section class=\"elementor-section elementor-top-section elementor-element elementor-element-a6e05af elementor-section-stretched elementor-section-full_width elementor-section-height-min-height elementor-section-height-default elementor-section-items-middle\" data-id=\"a6e05af\" data-element_type=\"section\" data-settings=\"{&quot;stretch_section&quot;:&quot;section-stretched&quot;,&quot;background_background&quot;:&quot;classic&quot;}\">\n\t\t\t\t\t\t<div class=\"elementor-container elementor-column-gap-default\">\n\t\t\t\t\t<div class=\"elementor-column elementor-col-100 elementor-top-column elementor-element elementor-element-a5e7ec9\" data-id=\"a5e7ec9\" data-element_type=\"column\">\n\t\t\t<div class=\"elementor-widget-wrap\">\n\t\t\t\t\t\t\t<\/div>\n\t\t<\/div>\n\t\t\t\t\t<\/div>\n\t\t<\/section>\n\t\t\t\t<section class=\"elementor-section elementor-top-section elementor-element elementor-element-602d028 elementor-section-boxed elementor-section-height-default elementor-section-height-default\" data-id=\"602d028\" data-element_type=\"section\">\n\t\t\t\t\t\t<div class=\"elementor-container elementor-column-gap-default\">\n\t\t\t\t\t<div class=\"elementor-column elementor-col-100 elementor-top-column elementor-element elementor-element-a86869b\" data-id=\"a86869b\" data-element_type=\"column\">\n\t\t\t<div class=\"elementor-widget-wrap elementor-element-populated\">\n\t\t\t\t\t\t<div class=\"elementor-element elementor-element-1eab37a elementor-widget elementor-widget-heading\" data-id=\"1eab37a\" data-element_type=\"widget\" data-widget_type=\"heading.default\">\n\t\t\t\t<div class=\"elementor-widget-container\">\n\t\t\t\t\t<h1 class=\"elementor-heading-title elementor-size-default\">BIENVENUE\/<br>WELCOME<\/h1>\t\t\t\t<\/div>\n\t\t\t\t<\/div>\n\t\t\t\t<div class=\"elementor-element elementor-element-8920c87 boxed-paragraph elementor-widget elementor-widget-text-editor\" data-id=\"8920c87\" data-element_type=\"widget\" data-widget_type=\"text-editor.default\">\n\t\t\t\t<div class=\"elementor-widget-container\">\n\t\t\t\t\t\t\t\t\t<p>Bienvenue \u00e0 l&rsquo;H\u00f4tel Bonaventure Montr\u00e9al ! Vous trouverez ici toutes les informations n\u00e9cessaires concernant les services de l&rsquo;h\u00f4tel utiles \u00e0 votre s\u00e9jour. N&rsquo;h\u00e9sitez pas \u00e0 contacter nos agents \u00e0 la r\u00e9ception si vous ne trouvez pas r\u00e9ponse \u00e0 vos questions dans cette rubrique! Notre \u00e9quipe est \u00e0 votre enti\u00e8re disposition 24h\/24!<\/p><p>Bon s\u00e9jour!\u00a0<\/p>\t\t\t\t\t\t\t\t<\/div>\n\t\t\t\t<\/div>\n\t\t\t\t\t<\/div>\n\t\t<\/div>\n\t\t\t\t\t<\/div>\n\t\t<\/section>\n\t\t<div class=\"elementor-element elementor-element-819fb24 e-flex e-con-boxed e-con e-parent\" data-id=\"819fb24\" data-element_type=\"container\">\n\t\t\t\t\t<div class=\"e-con-inner\">\n\t\t\t\t<div class=\"elementor-element elementor-element-b4bdadf elementor-align-center elementor-widget elementor-widget-button\" data-id=\"b4bdadf\" data-element_type=\"widget\" data-widget_type=\"button.default\">\n\t\t\t\t<div class=\"elementor-widget-container\">\n\t\t\t\t\t\t\t\t\t<div class=\"elementor-button-wrapper\">\n\t\t\t\t\t<a class=\"elementor-button elementor-button-link elementor-size-xl\" href=\"#\">\n\t\t\t\t\t\t<span class=\"elementor-button-content-wrapper\">\n\t\t\t\t\t\t\t\t\t<span class=\"elementor-button-text\">Fran\u00e7ais<\/span>\n\t\t\t\t\t<\/span>\n\t\t\t\t\t<\/a>\n\t\t\t\t<\/div>\n\t\t\t\t\t\t\t\t<\/div>\n\t\t\t\t<\/div>\n\t\t\t\t\t<\/div>\n\t\t\t\t<\/div>\n\t\t\t\t<section class=\"elementor-section elementor-top-section elementor-element elementor-element-dcd98d2 elementor-section-boxed elementor-section-height-default elementor-section-height-default\" data-id=\"dcd98d2\" data-element_type=\"section\">\n\t\t\t\t\t\t<div class=\"elementor-container elementor-column-gap-default\">\n\t\t\t\t\t<div class=\"elementor-column elementor-col-100 elementor-top-column elementor-element elementor-element-efcb168\" data-id=\"efcb168\" data-element_type=\"column\">\n\t\t\t<div class=\"elementor-widget-wrap elementor-element-populated\">\n\t\t\t\t\t\t<div class=\"elementor-element elementor-element-ae71f84 boxed-paragraph elementor-widget elementor-widget-text-editor\" data-id=\"ae71f84\" data-element_type=\"widget\" data-widget_type=\"text-editor.default\">\n\t\t\t\t<div class=\"elementor-widget-container\">\n\t\t\t\t\t\t\t\t\t<p>Welcome to Hotel Bonaventure Montreal! You will find here all the information about our services during your stay. Should you have other questions, please contact our front desk agents, they remain\u00a0 at your service 24h24h.\u00a0<\/p><p>Enjoy your stay with us !\u00a0<\/p>\t\t\t\t\t\t\t\t<\/div>\n\t\t\t\t<\/div>\n\t\t\t\t\t<\/div>\n\t\t<\/div>\n\t\t\t\t\t<\/div>\n\t\t<\/section>\n\t\t\t\t<section class=\"elementor-section elementor-top-section elementor-element elementor-element-58eaf58 elementor-section-boxed elementor-section-height-default elementor-section-height-default\" data-id=\"58eaf58\" data-element_type=\"section\">\n\t\t\t\t\t\t<div class=\"elementor-container elementor-column-gap-default\">\n\t\t\t\t\t<div class=\"elementor-column elementor-col-100 elementor-top-column elementor-element elementor-element-f1f271b\" data-id=\"f1f271b\" data-element_type=\"column\">\n\t\t\t<div class=\"elementor-widget-wrap elementor-element-populated\">\n\t\t\t\t\t\t<div class=\"elementor-element elementor-element-5f258ef elementor-align-center elementor-widget elementor-widget-button\" data-id=\"5f258ef\" data-element_type=\"widget\" data-widget_type=\"button.default\">\n\t\t\t\t<div class=\"elementor-widget-container\">\n\t\t\t\t\t\t\t\t\t<div class=\"elementor-button-wrapper\">\n\t\t\t\t\t<a class=\"elementor-button elementor-button-link elementor-size-xl\" href=\"#\">\n\t\t\t\t\t\t<span class=\"elementor-button-content-wrapper\">\n\t\t\t\t\t\t\t\t\t<span class=\"elementor-button-text\">English <\/span>\n\t\t\t\t\t<\/span>\n\t\t\t\t\t<\/a>\n\t\t\t\t<\/div>\n\t\t\t\t\t\t\t\t<\/div>\n\t\t\t\t<\/div>\n\t\t\t\t\t<\/div>\n\t\t<\/div>\n\t\t\t\t\t<\/div>\n\t\t<\/section>\n\t\t\t\t<\/div>\n\t\t","protected":false},"excerpt":{"rendered":"<p>BIENVENUE\/WELCOME Bienvenue \u00e0 l&rsquo;H\u00f4tel Bonaventure Montr\u00e9al ! Vous trouverez ici toutes les informations n\u00e9cessaires concernant les services de l&rsquo;h\u00f4tel utiles \u00e0 votre s\u00e9jour. N&rsquo;h\u00e9sitez pas \u00e0 contacter nos agents \u00e0 la r\u00e9ception si vous ne trouvez pas r\u00e9ponse \u00e0 vos questions dans cette rubrique! Notre \u00e9quipe est \u00e0 votre enti\u00e8re disposition 24h\/24! Bon s\u00e9jour!\u00a0 Fran\u00e7ais [&hellip;]<\/p>\n","protected":false},"author":7,"featured_media":0,"parent":0,"menu_order":0,"comment_status":"closed","ping_status":"closed","template":"","meta":{"_acf_changed":false,"_monsterinsights_skip_tracking":false,"_monsterinsights_sitenote_active":false,"_monsterinsights_sitenote_note":"","_monsterinsights_sitenote_category":0,"footnotes":""},"class_list":["post-8922","page","type-page","status-publish","hentry"],"acf":[],"yoast_head":"<!-- This site is optimized with the Yoast SEO plugin v27.4 - https:\/\/yoast.com\/product\/yoast-seo-wordpress\/ -->\n<title>Services et Commodit\u00e9s | H\u00f4tel Bonaventure Montr\u00e9al<\/title>\n<meta name=\"description\" content=\"L&#039;H\u00f4tel Bonaventure Montr\u00e9al vous offre tous les services et commodit\u00e9s n\u00e9cessaires pour que vous passiez un s\u00e9jour confortable, \u00e0 la hauteur de vos attentes.\" \/>\n<meta name=\"robots\" content=\"index, follow, max-snippet:-1, max-image-preview:large, max-video-preview:-1\" \/>\n<meta property=\"og:locale\" content=\"fr_CA\" \/>\n<meta property=\"og:type\" content=\"article\" \/>\n<meta property=\"og:title\" content=\"Services et Commodit\u00e9s | H\u00f4tel Bonaventure Montr\u00e9al\" \/>\n<meta property=\"og:description\" content=\"L&#039;H\u00f4tel Bonaventure Montr\u00e9al vous offre tous les services et commodit\u00e9s n\u00e9cessaires pour que vous passiez un s\u00e9jour confortable, \u00e0 la hauteur de vos attentes.\" \/>\n<meta property=\"og:url\" content=\"https:\/\/hotelbonaventure.com\/fr\/services-3\/\" \/>\n<meta property=\"og:site_name\" content=\"H\u00f4tel Bonaventure\" \/>\n<meta property=\"article:publisher\" content=\"https:\/\/www.facebook.com\/hotelbonaventuremontreal\" \/>\n<meta property=\"article:modified_time\" content=\"2023-08-08T19:59:16+00:00\" \/>\n<meta property=\"og:image\" content=\"https:\/\/hotelbonaventure.com\/wp-content\/themes\/jupiterx-child\/assets\/img\/hotelbonaventure-logo.jpg\" \/>\n\t<meta property=\"og:image:width\" content=\"2560\" \/>\n\t<meta property=\"og:image:height\" content=\"1066\" \/>\n\t<meta property=\"og:image:type\" content=\"image\/jpeg\" \/>\n<meta name=\"twitter:card\" content=\"summary_large_image\" \/>\n<meta name=\"twitter:site\" content=\"@BonaventureHTL\" \/>\n<meta name=\"twitter:label1\" content=\"Estimation du temps de lecture\" \/>\n\t<meta name=\"twitter:data1\" content=\"1 minute\" \/>\n<script type=\"application\/ld+json\" class=\"yoast-schema-graph\">{\"@context\":\"https:\\\/\\\/schema.org\",\"@graph\":[{\"@type\":\"WebPage\",\"@id\":\"https:\\\/\\\/hotelbonaventure.com\\\/fr\\\/services-3\\\/\",\"url\":\"https:\\\/\\\/hotelbonaventure.com\\\/fr\\\/services-3\\\/\",\"name\":\"Services et Commodit\u00e9s | H\u00f4tel Bonaventure Montr\u00e9al\",\"isPartOf\":{\"@id\":\"https:\\\/\\\/hotelbonaventure.com\\\/fr\\\/#website\"},\"datePublished\":\"2023-08-08T18:14:07+00:00\",\"dateModified\":\"2023-08-08T19:59:16+00:00\",\"description\":\"L'H\u00f4tel Bonaventure Montr\u00e9al vous offre tous les services et commodit\u00e9s n\u00e9cessaires pour que vous passiez un s\u00e9jour confortable, \u00e0 la hauteur de vos attentes.\",\"breadcrumb\":{\"@id\":\"https:\\\/\\\/hotelbonaventure.com\\\/fr\\\/services-3\\\/#breadcrumb\"},\"inLanguage\":\"fr-CA\",\"potentialAction\":[{\"@type\":\"ReadAction\",\"target\":[\"https:\\\/\\\/hotelbonaventure.com\\\/fr\\\/services-3\\\/\"]}]},{\"@type\":\"BreadcrumbList\",\"@id\":\"https:\\\/\\\/hotelbonaventure.com\\\/fr\\\/services-3\\\/#breadcrumb\",\"itemListElement\":[{\"@type\":\"ListItem\",\"position\":1,\"name\":\"Accueil\",\"item\":\"https:\\\/\\\/hotelbonaventure.com\\\/fr\\\/\"},{\"@type\":\"ListItem\",\"position\":2,\"name\":\"Services\"}]},{\"@type\":\"WebSite\",\"@id\":\"https:\\\/\\\/hotelbonaventure.com\\\/fr\\\/#website\",\"url\":\"https:\\\/\\\/hotelbonaventure.com\\\/fr\\\/\",\"name\":\"H\u00f4tel Bonaventure\",\"description\":\"\",\"publisher\":{\"@id\":\"https:\\\/\\\/hotelbonaventure.com\\\/fr\\\/#organization\"},\"potentialAction\":[{\"@type\":\"SearchAction\",\"target\":{\"@type\":\"EntryPoint\",\"urlTemplate\":\"https:\\\/\\\/hotelbonaventure.com\\\/fr\\\/?s={search_term_string}\"},\"query-input\":{\"@type\":\"PropertyValueSpecification\",\"valueRequired\":true,\"valueName\":\"search_term_string\"}}],\"inLanguage\":\"fr-CA\"},{\"@type\":\"Organization\",\"@id\":\"https:\\\/\\\/hotelbonaventure.com\\\/fr\\\/#organization\",\"name\":\"H\u00f4tel Bonaventure Montr\u00e9al\",\"url\":\"https:\\\/\\\/hotelbonaventure.com\\\/fr\\\/\",\"logo\":{\"@type\":\"ImageObject\",\"inLanguage\":\"fr-CA\",\"@id\":\"https:\\\/\\\/hotelbonaventure.com\\\/fr\\\/#\\\/schema\\\/logo\\\/image\\\/\",\"url\":\"https:\\\/\\\/hotelbonaventure.com\\\/wp-content\\\/uploads\\\/2019\\\/10\\\/Hotel-Bonaventure-Montreal_gris-scaled.jpg\",\"contentUrl\":\"https:\\\/\\\/hotelbonaventure.com\\\/wp-content\\\/uploads\\\/2019\\\/10\\\/Hotel-Bonaventure-Montreal_gris-scaled.jpg\",\"width\":2560,\"height\":1066,\"caption\":\"H\u00f4tel Bonaventure Montr\u00e9al\"},\"image\":{\"@id\":\"https:\\\/\\\/hotelbonaventure.com\\\/fr\\\/#\\\/schema\\\/logo\\\/image\\\/\"},\"sameAs\":[\"https:\\\/\\\/www.facebook.com\\\/hotelbonaventuremontreal\",\"https:\\\/\\\/x.com\\\/BonaventureHTL\",\"https:\\\/\\\/www.instagram.com\\\/hotelbonaventuremontreal\\\/\"]}]}<\/script>\n<!-- \/ Yoast SEO plugin. -->","yoast_head_json":{"title":"Services et Commodit\u00e9s | H\u00f4tel Bonaventure Montr\u00e9al","description":"L'H\u00f4tel Bonaventure Montr\u00e9al vous offre tous les services et commodit\u00e9s n\u00e9cessaires pour que vous passiez un s\u00e9jour confortable, \u00e0 la hauteur de vos attentes.","robots":{"index":"index","follow":"follow","max-snippet":"max-snippet:-1","max-image-preview":"max-image-preview:large","max-video-preview":"max-video-preview:-1"},"og_locale":"fr_CA","og_type":"article","og_title":"Services et Commodit\u00e9s | H\u00f4tel Bonaventure Montr\u00e9al","og_description":"L'H\u00f4tel Bonaventure Montr\u00e9al vous offre tous les services et commodit\u00e9s n\u00e9cessaires pour que vous passiez un s\u00e9jour confortable, \u00e0 la hauteur de vos attentes.","og_url":"https:\/\/hotelbonaventure.com\/fr\/services-3\/","og_site_name":"H\u00f4tel Bonaventure","article_publisher":"https:\/\/www.facebook.com\/hotelbonaventuremontreal","article_modified_time":"2023-08-08T19:59:16+00:00","og_image":[{"width":2560,"height":1066,"url":"https:\/\/hotelbonaventure.com\/wp-content\/themes\/jupiterx-child\/assets\/img\/hotelbonaventure-logo.jpg","type":"image\/jpeg"}],"twitter_card":"summary_large_image","twitter_site":"@BonaventureHTL","twitter_misc":{"Estimation du temps de lecture":"1 minute"},"schema":{"@context":"https:\/\/schema.org","@graph":[{"@type":"WebPage","@id":"https:\/\/hotelbonaventure.com\/fr\/services-3\/","url":"https:\/\/hotelbonaventure.com\/fr\/services-3\/","name":"Services et Commodit\u00e9s | H\u00f4tel Bonaventure Montr\u00e9al","isPartOf":{"@id":"https:\/\/hotelbonaventure.com\/fr\/#website"},"datePublished":"2023-08-08T18:14:07+00:00","dateModified":"2023-08-08T19:59:16+00:00","description":"L'H\u00f4tel Bonaventure Montr\u00e9al vous offre tous les services et commodit\u00e9s n\u00e9cessaires pour que vous passiez un s\u00e9jour confortable, \u00e0 la hauteur de vos attentes.","breadcrumb":{"@id":"https:\/\/hotelbonaventure.com\/fr\/services-3\/#breadcrumb"},"inLanguage":"fr-CA","potentialAction":[{"@type":"ReadAction","target":["https:\/\/hotelbonaventure.com\/fr\/services-3\/"]}]},{"@type":"BreadcrumbList","@id":"https:\/\/hotelbonaventure.com\/fr\/services-3\/#breadcrumb","itemListElement":[{"@type":"ListItem","position":1,"name":"Accueil","item":"https:\/\/hotelbonaventure.com\/fr\/"},{"@type":"ListItem","position":2,"name":"Services"}]},{"@type":"WebSite","@id":"https:\/\/hotelbonaventure.com\/fr\/#website","url":"https:\/\/hotelbonaventure.com\/fr\/","name":"H\u00f4tel Bonaventure","description":"","publisher":{"@id":"https:\/\/hotelbonaventure.com\/fr\/#organization"},"potentialAction":[{"@type":"SearchAction","target":{"@type":"EntryPoint","urlTemplate":"https:\/\/hotelbonaventure.com\/fr\/?s={search_term_string}"},"query-input":{"@type":"PropertyValueSpecification","valueRequired":true,"valueName":"search_term_string"}}],"inLanguage":"fr-CA"},{"@type":"Organization","@id":"https:\/\/hotelbonaventure.com\/fr\/#organization","name":"H\u00f4tel Bonaventure Montr\u00e9al","url":"https:\/\/hotelbonaventure.com\/fr\/","logo":{"@type":"ImageObject","inLanguage":"fr-CA","@id":"https:\/\/hotelbonaventure.com\/fr\/#\/schema\/logo\/image\/","url":"https:\/\/hotelbonaventure.com\/wp-content\/uploads\/2019\/10\/Hotel-Bonaventure-Montreal_gris-scaled.jpg","contentUrl":"https:\/\/hotelbonaventure.com\/wp-content\/uploads\/2019\/10\/Hotel-Bonaventure-Montreal_gris-scaled.jpg","width":2560,"height":1066,"caption":"H\u00f4tel Bonaventure Montr\u00e9al"},"image":{"@id":"https:\/\/hotelbonaventure.com\/fr\/#\/schema\/logo\/image\/"},"sameAs":["https:\/\/www.facebook.com\/hotelbonaventuremontreal","https:\/\/x.com\/BonaventureHTL","https:\/\/www.instagram.com\/hotelbonaventuremontreal\/"]}]}},"_links":{"self":[{"href":"https:\/\/hotelbonaventure.com\/fr\/wp-json\/wp\/v2\/pages\/8922","targetHints":{"allow":["GET"]}}],"collection":[{"href":"https:\/\/hotelbonaventure.com\/fr\/wp-json\/wp\/v2\/pages"}],"about":[{"href":"https:\/\/hotelbonaventure.com\/fr\/wp-json\/wp\/v2\/types\/page"}],"author":[{"embeddable":true,"href":"https:\/\/hotelbonaventure.com\/fr\/wp-json\/wp\/v2\/users\/7"}],"replies":[{"embeddable":true,"href":"https:\/\/hotelbonaventure.com\/fr\/wp-json\/wp\/v2\/comments?post=8922"}],"version-history":[{"count":19,"href":"https:\/\/hotelbonaventure.com\/fr\/wp-json\/wp\/v2\/pages\/8922\/revisions"}],"predecessor-version":[{"id":9251,"href":"https:\/\/hotelbonaventure.com\/fr\/wp-json\/wp\/v2\/pages\/8922\/revisions\/9251"}],"wp:attachment":[{"href":"https:\/\/hotelbonaventure.com\/fr\/wp-json\/wp\/v2\/media?parent=8922"}],"curies":[{"name":"wp","href":"https:\/\/api.w.org\/{rel}","templated":true}]}}