{"id":9301,"date":"2023-08-21T11:09:02","date_gmt":"2023-08-21T15:09:02","guid":{"rendered":"https:\/\/hotelbonaventure.com\/?page_id=9301"},"modified":"2023-08-21T11:16:02","modified_gmt":"2023-08-21T15:16:02","slug":"politique-de-cookie","status":"publish","type":"page","link":"https:\/\/hotelbonaventure.com\/fr\/politique-de-cookie\/","title":{"rendered":"politique de cookie"},"content":{"rendered":"\t\t<div data-elementor-type=\"wp-page\" data-elementor-id=\"9301\" class=\"elementor elementor-9301\" data-elementor-post-type=\"page\">\n\t\t\t\t<div class=\"elementor-element elementor-element-6d415b7 e-flex e-con-boxed e-con e-parent\" data-id=\"6d415b7\" data-element_type=\"container\">\n\t\t\t\t\t<div class=\"e-con-inner\">\n\t\t\t\t<div class=\"elementor-element elementor-element-dd4ee40 elementor-widget elementor-widget-heading\" data-id=\"dd4ee40\" data-element_type=\"widget\" data-widget_type=\"heading.default\">\n\t\t\t\t<div class=\"elementor-widget-container\">\n\t\t\t\t\t<h2 class=\"elementor-heading-title elementor-size-default\">Politique de cookies<\/h2>\t\t\t\t<\/div>\n\t\t\t\t<\/div>\n\t\t\t\t\t<\/div>\n\t\t\t\t<\/div>\n\t\t<div class=\"elementor-element elementor-element-9c22e4d e-flex e-con-boxed e-con e-parent\" data-id=\"9c22e4d\" data-element_type=\"container\">\n\t\t\t\t\t<div class=\"e-con-inner\">\n\t\t\t\t<div class=\"elementor-element elementor-element-54b0394 elementor-widget elementor-widget-text-editor\" data-id=\"54b0394\" data-element_type=\"widget\" data-widget_type=\"text-editor.default\">\n\t\t\t\t<div class=\"elementor-widget-container\">\n\t\t\t\t\t\t\t\t\t<p>Des cookies sont utilis\u00e9s sur ce Site web.<\/p><p>Un cookie est une information d\u00e9pos\u00e9e sur le terminal qui sert \u00e0 l\u2019Internaute \u00e0 acc\u00e9der au Site.<\/p><p>A aucun moment, ces cookies ne permettent \u00e0 l\u2019editeur ou \u00e0 l\u2019\u00e9diteur de ce cookie d\u2019identifier personnellement l\u2019Internaute.<\/p><p>La dur\u00e9e de conservation de ces cookies dans le Terminal de l\u2019Internaute n\u2019exc\u00e8de pas treize (13) mois.<\/p><p>Retrouvez ci-dessous les diff\u00e9rentes cat\u00e9gories de cookies utilis\u00e9s sur ce Site et personnalisez les cookies qui sont d\u00e9pos\u00e9s sur votre Terminal<\/p>\t\t\t\t\t\t\t\t<\/div>\n\t\t\t\t<\/div>\n\t\t\t\t\t<\/div>\n\t\t\t\t<\/div>\n\t\t<div class=\"elementor-element elementor-element-74b7ab2 e-flex e-con-boxed e-con e-parent\" data-id=\"74b7ab2\" data-element_type=\"container\">\n\t\t\t\t\t<div class=\"e-con-inner\">\n\t\t\t\t<div class=\"elementor-element elementor-element-91650a3 elementor-widget elementor-widget-heading\" data-id=\"91650a3\" data-element_type=\"widget\" data-widget_type=\"heading.default\">\n\t\t\t\t<div class=\"elementor-widget-container\">\n\t\t\t\t\t<h2 class=\"elementor-heading-title elementor-size-default\">Cookies pour le bon fonctionnement du site <\/h2>\t\t\t\t<\/div>\n\t\t\t\t<\/div>\n\t\t\t\t\t<\/div>\n\t\t\t\t<\/div>\n\t\t<div class=\"elementor-element elementor-element-3e6aaf6 e-flex e-con-boxed e-con e-parent\" data-id=\"3e6aaf6\" data-element_type=\"container\">\n\t\t\t\t\t<div class=\"e-con-inner\">\n\t\t\t\t<div class=\"elementor-element elementor-element-9de0adc elementor-widget elementor-widget-text-editor\" data-id=\"9de0adc\" data-element_type=\"widget\" data-widget_type=\"text-editor.default\">\n\t\t\t\t<div class=\"elementor-widget-container\">\n\t\t\t\t\t\t\t\t\t<p>Ils permettent l\u2019utilisation des principales fonctionnalit\u00e9s du Site ou encore d&rsquo;adapter la pr\u00e9sentation du Site aux pr\u00e9f\u00e9rences d&rsquo;affichage du Terminal de l\u2019Internaute (langue utilis\u00e9e, r\u00e9solution d&rsquo;affichage, syst\u00e8me d&rsquo;exploitation utilis\u00e9, etc.) et d&rsquo;en tenir compte lors de vos visites. Ils nous permettent aussi de lier entre elles les diff\u00e9rentes pages consult\u00e9es pour vous assurer une navigation fluide ou encore d\u2019afficher des cartes interactives.<\/p><p>Vous pouvez d\u00e9sactiver compl\u00e8tement les cookies dans votre navigateur. Dans ce cas notre site ne fonctionnera plus normalement.<\/p><p>Vous trouverez plus d\u2019aide sur les pages d\u00e9di\u00e9es de votre navigateur (ci-apr\u00e8s les navigateurs les plus courants) :<\/p><p>Internet Explorer : http:\/\/windows.microsoft.com\/fr-FR\/windows-vista\/Block-or-allow-cookies<br \/>Google Chrome : http:\/\/support.google.com\/chrome\/bin\/answer.py?hl=fr&amp;hlrm=en&amp;answer=95647<br \/>Safari : https:\/\/support.apple.com\/kb\/PH19214?locale=fr_FR&amp;viewlocale=fr_FR<br \/>Firefox : http:\/\/support.mozilla.org\/fr\/kb\/Activer%20et%20d\u00e9sactiver%20les%20cookies<br \/>Op\u00e9ra : http:\/\/help.opera.com\/Windows\/10.20\/fr\/cookies.html<\/p><p>L\u2019Internaute peut \u00e9galement param\u00e9trer son navigateur afin que celui-ci envoie un code indiquant aux sites Internet qu\u2019il ne souhaite pas \u00eatre suivi (option \u00ab Do No Track \u00bb) :<\/p><p>Internet Explorer : http:\/\/windows.microsoft.com\/fr-fr\/internet-explorer\/use-tracking-protection#ie=ie-11<br \/>Safari : http:\/\/support.apple.com\/kb\/PH11952<br \/>Chrome : https:\/\/support.google.com\/chrome\/answer\/114836<br \/>Firefox : https:\/\/support.mozilla.org\/fr\/kb\/comment-activer-option-ne-pas-pister<br \/>Op\u00e9ra : http:\/\/help.opera.com\/Windows\/12.10\/fr\/notrack.html<\/p>\t\t\t\t\t\t\t\t<\/div>\n\t\t\t\t<\/div>\n\t\t\t\t\t<\/div>\n\t\t\t\t<\/div>\n\t\t<div class=\"elementor-element elementor-element-d23187c e-flex e-con-boxed e-con e-parent\" data-id=\"d23187c\" data-element_type=\"container\">\n\t\t\t\t\t<div class=\"e-con-inner\">\n\t\t\t\t<div class=\"elementor-element elementor-element-26158cd elementor-widget elementor-widget-heading\" data-id=\"26158cd\" data-element_type=\"widget\" data-widget_type=\"heading.default\">\n\t\t\t\t<div class=\"elementor-widget-container\">\n\t\t\t\t\t<h2 class=\"elementor-heading-title elementor-size-default\">Cookies statistiques<\/h2>\t\t\t\t<\/div>\n\t\t\t\t<\/div>\n\t\t\t\t\t<\/div>\n\t\t\t\t<\/div>\n\t\t<div class=\"elementor-element elementor-element-c67ca64 e-flex e-con-boxed e-con e-parent\" data-id=\"c67ca64\" data-element_type=\"container\">\n\t\t\t\t\t<div class=\"e-con-inner\">\n\t\t\t\t<div class=\"elementor-element elementor-element-f6e5a80 elementor-widget elementor-widget-text-editor\" data-id=\"f6e5a80\" data-element_type=\"widget\" data-widget_type=\"text-editor.default\">\n\t\t\t\t<div class=\"elementor-widget-container\">\n\t\t\t\t\t\t\t\t\t<p>Ils permettent d\u2019\u00e9tablir les visites sur le Sites, et les actions r\u00e9alis\u00e9es par l\u2019Internaute. Le Site utilise la technologie de Google Analytics (https:\/\/developers.google.com\/analytics\/devguides\/collection\/analyticsjs\/cookie-usage).<\/p><p>Vous pouvez param\u00e9trer le suivi de la fr\u00e9quentation du site :<\/p><div class=\"c-checkbox has-success\"><input id=\"toggle_analytics\" class=\"cookie_choice\" checked=\"checked\" name=\"toggle_analytics\" type=\"checkbox\" data-isdefault=\"1\" \/><label for=\"toggle_analytics\">\u00a0J\u2019accepte le d\u00e9p\u00f4t de cookies \u00e0 des fins de mesure de statistiques<\/label><\/div>\t\t\t\t\t\t\t\t<\/div>\n\t\t\t\t<\/div>\n\t\t\t\t\t<\/div>\n\t\t\t\t<\/div>\n\t\t<div class=\"elementor-element elementor-element-df540f3 e-flex e-con-boxed e-con e-parent\" data-id=\"df540f3\" data-element_type=\"container\">\n\t\t\t\t\t<div class=\"e-con-inner\">\n\t\t\t\t<div class=\"elementor-element elementor-element-8739191 elementor-widget elementor-widget-heading\" data-id=\"8739191\" data-element_type=\"widget\" data-widget_type=\"heading.default\">\n\t\t\t\t<div class=\"elementor-widget-container\">\n\t\t\t\t\t<h2 class=\"elementor-heading-title elementor-size-default\">Cookies vid\u00e9os <\/h2>\t\t\t\t<\/div>\n\t\t\t\t<\/div>\n\t\t\t\t\t<\/div>\n\t\t\t\t<\/div>\n\t\t<div class=\"elementor-element elementor-element-d6beccd e-flex e-con-boxed e-con e-parent\" data-id=\"d6beccd\" data-element_type=\"container\">\n\t\t\t\t\t<div class=\"e-con-inner\">\n\t\t\t\t<div class=\"elementor-element elementor-element-6db9193 elementor-widget elementor-widget-text-editor\" data-id=\"6db9193\" data-element_type=\"widget\" data-widget_type=\"text-editor.default\">\n\t\t\t\t<div class=\"elementor-widget-container\">\n\t\t\t\t\t\t\t\t\t<p>Ils permettent de lire les vid\u00e9os pr\u00e9sentes le cas \u00e9ch\u00e9ant sur le site. Nous utilisons les technologies de Google YouTube(https:\/\/support.google.com\/youtube\/answer\/32050?hl=en&amp;co=GENIE.Platform=Desktop) ou de Vimeo (https:\/\/vimeo.com\/cookie_policy).<\/p><p>Vous pouvez param\u00e9trer le lecteur de vid\u00e9o :<\/p><div class=\"c-checkbox has-success\"><input id=\"toggle_video\" class=\"cookie_choice\" checked=\"checked\" name=\"toggle_video\" type=\"checkbox\" data-isdefault=\"1\" \/><label for=\"toggle_video\">\u00a0J\u2019accepte le d\u00e9p\u00f4t de cookies \u00e0 des fins de visionnage des vid\u00e9os<\/label><\/div>\t\t\t\t\t\t\t\t<\/div>\n\t\t\t\t<\/div>\n\t\t\t\t\t<\/div>\n\t\t\t\t<\/div>\n\t\t<div class=\"elementor-element elementor-element-4100595 e-flex e-con-boxed e-con e-parent\" data-id=\"4100595\" data-element_type=\"container\">\n\t\t\t\t\t<div class=\"e-con-inner\">\n\t\t\t\t<div class=\"elementor-element elementor-element-e1a93cd elementor-widget elementor-widget-heading\" data-id=\"e1a93cd\" data-element_type=\"widget\" data-widget_type=\"heading.default\">\n\t\t\t\t<div class=\"elementor-widget-container\">\n\t\t\t\t\t<h2 class=\"elementor-heading-title elementor-size-default\">Cookies publicitaires <\/h2>\t\t\t\t<\/div>\n\t\t\t\t<\/div>\n\t\t\t\t\t<\/div>\n\t\t\t\t<\/div>\n\t\t<div class=\"elementor-element elementor-element-030e679 e-flex e-con-boxed e-con e-parent\" data-id=\"030e679\" data-element_type=\"container\">\n\t\t\t\t\t<div class=\"e-con-inner\">\n\t\t\t\t<div class=\"elementor-element elementor-element-8d1744c elementor-widget elementor-widget-text-editor\" data-id=\"8d1744c\" data-element_type=\"widget\" data-widget_type=\"text-editor.default\">\n\t\t\t\t<div class=\"elementor-widget-container\">\n\t\t\t\t\t\t\t\t\t<p>Ils permettent d\u2019identifier votre parcours sur le site et vos centres d\u2019int\u00e9r\u00eats au travers des pages consult\u00e9es du Site pour vous proposer des publicit\u00e9s cibl\u00e9es en dehors du Site.<\/p><p>Vous pouvez param\u00e9trer le suivi publicitaire :<\/p><div class=\"c-checkbox has-success\"><input id=\"toggle_ads\" class=\"cookie_choice\" checked=\"checked\" name=\"toggle_ads\" type=\"checkbox\" data-isdefault=\"1\" \/><label for=\"toggle_ads\">\u00a0J\u2019accepte le d\u00e9p\u00f4t de cookies \u00e0 des fins de ciblages publicitaires<\/label><\/div>\t\t\t\t\t\t\t\t<\/div>\n\t\t\t\t<\/div>\n\t\t\t\t\t<\/div>\n\t\t\t\t<\/div>\n\t\t<div class=\"elementor-element elementor-element-ec971f6 e-flex e-con-boxed e-con e-parent\" data-id=\"ec971f6\" data-element_type=\"container\">\n\t\t\t\t\t<div class=\"e-con-inner\">\n\t\t\t\t<div class=\"elementor-element elementor-element-10a3415 elementor-widget elementor-widget-heading\" data-id=\"10a3415\" data-element_type=\"widget\" data-widget_type=\"heading.default\">\n\t\t\t\t<div class=\"elementor-widget-container\">\n\t\t\t\t\t<h2 class=\"elementor-heading-title elementor-size-default\">Cookies partenaires <\/h2>\t\t\t\t<\/div>\n\t\t\t\t<\/div>\n\t\t\t\t\t<\/div>\n\t\t\t\t<\/div>\n\t\t<div class=\"elementor-element elementor-element-5cbc06a e-flex e-con-boxed e-con e-parent\" data-id=\"5cbc06a\" data-element_type=\"container\">\n\t\t\t\t\t<div class=\"e-con-inner\">\n\t\t\t\t<div class=\"elementor-element elementor-element-76ae6da elementor-widget elementor-widget-text-editor\" data-id=\"76ae6da\" data-element_type=\"widget\" data-widget_type=\"text-editor.default\">\n\t\t\t\t<div class=\"elementor-widget-container\">\n\t\t\t\t\t\t\t\t\t<p>Ils permettent \u00e0 des \u00e9diteurs tiers de r\u00e9cup\u00e9rer des informations sur l\u2019usage de leur services et le cas \u00e9ch\u00e9ant pour le bon fonctionnement de leur service.<\/p><p>Vous pouvez param\u00e9trer le suivi des cookies tiers :<\/p><div class=\"c-checkbox has-success\"><input id=\"toggle_partners\" class=\"cookie_choice\" checked=\"checked\" name=\"toggle_partners\" type=\"checkbox\" data-isdefault=\"1\" \/><label for=\"toggle_partners\">\u00a0J\u2019accepte le d\u00e9p\u00f4t de cookies traceurs des autres partenaires<\/label><\/div>\t\t\t\t\t\t\t\t<\/div>\n\t\t\t\t<\/div>\n\t\t\t\t\t<\/div>\n\t\t\t\t<\/div>\n\t\t<div class=\"elementor-element elementor-element-7925e7c e-flex e-con-boxed e-con e-parent\" data-id=\"7925e7c\" data-element_type=\"container\">\n\t\t\t\t\t<div class=\"e-con-inner\">\n\t\t\t\t<div class=\"elementor-element elementor-element-274b176 elementor-widget elementor-widget-heading\" data-id=\"274b176\" data-element_type=\"widget\" data-widget_type=\"heading.default\">\n\t\t\t\t<div class=\"elementor-widget-container\">\n\t\t\t\t\t<h2 class=\"elementor-heading-title elementor-size-default\">Cookies de personnalisation <\/h2>\t\t\t\t<\/div>\n\t\t\t\t<\/div>\n\t\t\t\t\t<\/div>\n\t\t\t\t<\/div>\n\t\t<div class=\"elementor-element elementor-element-7e9ed71 e-flex e-con-boxed e-con e-parent\" data-id=\"7e9ed71\" data-element_type=\"container\">\n\t\t\t\t\t<div class=\"e-con-inner\">\n\t\t\t\t<div class=\"elementor-element elementor-element-f06e029 elementor-widget elementor-widget-text-editor\" data-id=\"f06e029\" data-element_type=\"widget\" data-widget_type=\"text-editor.default\">\n\t\t\t\t<div class=\"elementor-widget-container\">\n\t\t\t\t\t\t\t\t\t<p>Ils permettent d\u2019identifier votre parcours sur le site et vos centres d\u2019int\u00e9r\u00eats au travers des pages consult\u00e9es du Site pour vous proposer des contenus adapt\u00e9s et personnalis\u00e9s.<\/p><p>Vous pouvez param\u00e9trer la personnalisation du Site :<\/p><div class=\"c-checkbox has-success\"><input id=\"toggle_custom\" class=\"cookie_choice\" checked=\"checked\" name=\"toggle_custom\" type=\"checkbox\" data-isdefault=\"1\" \/><label for=\"toggle_custom\">\u00a0J\u2019accepte le d\u00e9p\u00f4t de cookies \u00e0 des fins de personnalisation du site<\/label><\/div>\t\t\t\t\t\t\t\t<\/div>\n\t\t\t\t<\/div>\n\t\t\t\t\t<\/div>\n\t\t\t\t<\/div>\n\t\t\t\t<\/div>\n\t\t","protected":false},"excerpt":{"rendered":"<p>Politique de cookies Des cookies sont utilis\u00e9s sur ce Site web. Un cookie est une information d\u00e9pos\u00e9e sur le terminal qui sert \u00e0 l\u2019Internaute \u00e0 acc\u00e9der au Site. A aucun moment, ces cookies ne permettent \u00e0 l\u2019editeur ou \u00e0 l\u2019\u00e9diteur de ce cookie d\u2019identifier personnellement l\u2019Internaute. La dur\u00e9e de conservation de ces cookies dans le [&hellip;]<\/p>\n","protected":false},"author":7,"featured_media":0,"parent":0,"menu_order":0,"comment_status":"closed","ping_status":"closed","template":"","meta":{"_acf_changed":false,"_monsterinsights_skip_tracking":false,"_monsterinsights_sitenote_active":false,"_monsterinsights_sitenote_note":"","_monsterinsights_sitenote_category":0,"footnotes":""},"class_list":["post-9301","page","type-page","status-publish","hentry"],"acf":[],"yoast_head":"<!-- This site is optimized with the Yoast SEO plugin v27.4 - https:\/\/yoast.com\/product\/yoast-seo-wordpress\/ -->\n<title>politique de cookie - H\u00f4tel Bonaventure<\/title>\n<meta name=\"robots\" content=\"index, follow, max-snippet:-1, max-image-preview:large, max-video-preview:-1\" \/>\n<meta property=\"og:locale\" content=\"fr_CA\" \/>\n<meta property=\"og:type\" content=\"article\" \/>\n<meta property=\"og:title\" content=\"politique de cookie - H\u00f4tel Bonaventure\" \/>\n<meta property=\"og:description\" content=\"Politique de cookies Des cookies sont utilis\u00e9s sur ce Site web. Un cookie est une information d\u00e9pos\u00e9e sur le terminal qui sert \u00e0 l\u2019Internaute \u00e0 acc\u00e9der au Site. A aucun moment, ces cookies ne permettent \u00e0 l\u2019editeur ou \u00e0 l\u2019\u00e9diteur de ce cookie d\u2019identifier personnellement l\u2019Internaute. La dur\u00e9e de conservation de ces cookies dans le [&hellip;]\" \/>\n<meta property=\"og:url\" content=\"https:\/\/hotelbonaventure.com\/fr\/politique-de-cookie\/\" \/>\n<meta property=\"og:site_name\" content=\"H\u00f4tel Bonaventure\" \/>\n<meta property=\"article:publisher\" content=\"https:\/\/www.facebook.com\/hotelbonaventuremontreal\" \/>\n<meta property=\"article:modified_time\" content=\"2023-08-21T15:16:02+00:00\" \/>\n<meta property=\"og:image\" content=\"https:\/\/hotelbonaventure.com\/wp-content\/themes\/jupiterx-child\/assets\/img\/hotelbonaventure-logo.jpg\" \/>\n\t<meta property=\"og:image:width\" content=\"2560\" \/>\n\t<meta property=\"og:image:height\" content=\"1066\" \/>\n\t<meta property=\"og:image:type\" content=\"image\/jpeg\" \/>\n<meta name=\"twitter:card\" content=\"summary_large_image\" \/>\n<meta name=\"twitter:site\" content=\"@BonaventureHTL\" \/>\n<meta name=\"twitter:label1\" content=\"Estimation du temps de lecture\" \/>\n\t<meta name=\"twitter:data1\" content=\"3 minutes\" \/>\n<script type=\"application\/ld+json\" class=\"yoast-schema-graph\">{\"@context\":\"https:\\\/\\\/schema.org\",\"@graph\":[{\"@type\":\"WebPage\",\"@id\":\"https:\\\/\\\/hotelbonaventure.com\\\/fr\\\/politique-de-cookie\\\/\",\"url\":\"https:\\\/\\\/hotelbonaventure.com\\\/fr\\\/politique-de-cookie\\\/\",\"name\":\"politique de cookie - H\u00f4tel Bonaventure\",\"isPartOf\":{\"@id\":\"https:\\\/\\\/hotelbonaventure.com\\\/fr\\\/#website\"},\"datePublished\":\"2023-08-21T15:09:02+00:00\",\"dateModified\":\"2023-08-21T15:16:02+00:00\",\"breadcrumb\":{\"@id\":\"https:\\\/\\\/hotelbonaventure.com\\\/fr\\\/politique-de-cookie\\\/#breadcrumb\"},\"inLanguage\":\"fr-CA\",\"potentialAction\":[{\"@type\":\"ReadAction\",\"target\":[\"https:\\\/\\\/hotelbonaventure.com\\\/fr\\\/politique-de-cookie\\\/\"]}]},{\"@type\":\"BreadcrumbList\",\"@id\":\"https:\\\/\\\/hotelbonaventure.com\\\/fr\\\/politique-de-cookie\\\/#breadcrumb\",\"itemListElement\":[{\"@type\":\"ListItem\",\"position\":1,\"name\":\"Accueil\",\"item\":\"https:\\\/\\\/hotelbonaventure.com\\\/fr\\\/\"},{\"@type\":\"ListItem\",\"position\":2,\"name\":\"politique de cookie\"}]},{\"@type\":\"WebSite\",\"@id\":\"https:\\\/\\\/hotelbonaventure.com\\\/fr\\\/#website\",\"url\":\"https:\\\/\\\/hotelbonaventure.com\\\/fr\\\/\",\"name\":\"H\u00f4tel Bonaventure\",\"description\":\"\",\"publisher\":{\"@id\":\"https:\\\/\\\/hotelbonaventure.com\\\/fr\\\/#organization\"},\"potentialAction\":[{\"@type\":\"SearchAction\",\"target\":{\"@type\":\"EntryPoint\",\"urlTemplate\":\"https:\\\/\\\/hotelbonaventure.com\\\/fr\\\/?s={search_term_string}\"},\"query-input\":{\"@type\":\"PropertyValueSpecification\",\"valueRequired\":true,\"valueName\":\"search_term_string\"}}],\"inLanguage\":\"fr-CA\"},{\"@type\":\"Organization\",\"@id\":\"https:\\\/\\\/hotelbonaventure.com\\\/fr\\\/#organization\",\"name\":\"H\u00f4tel Bonaventure Montr\u00e9al\",\"url\":\"https:\\\/\\\/hotelbonaventure.com\\\/fr\\\/\",\"logo\":{\"@type\":\"ImageObject\",\"inLanguage\":\"fr-CA\",\"@id\":\"https:\\\/\\\/hotelbonaventure.com\\\/fr\\\/#\\\/schema\\\/logo\\\/image\\\/\",\"url\":\"https:\\\/\\\/hotelbonaventure.com\\\/wp-content\\\/uploads\\\/2019\\\/10\\\/Hotel-Bonaventure-Montreal_gris-scaled.jpg\",\"contentUrl\":\"https:\\\/\\\/hotelbonaventure.com\\\/wp-content\\\/uploads\\\/2019\\\/10\\\/Hotel-Bonaventure-Montreal_gris-scaled.jpg\",\"width\":2560,\"height\":1066,\"caption\":\"H\u00f4tel Bonaventure Montr\u00e9al\"},\"image\":{\"@id\":\"https:\\\/\\\/hotelbonaventure.com\\\/fr\\\/#\\\/schema\\\/logo\\\/image\\\/\"},\"sameAs\":[\"https:\\\/\\\/www.facebook.com\\\/hotelbonaventuremontreal\",\"https:\\\/\\\/x.com\\\/BonaventureHTL\",\"https:\\\/\\\/www.instagram.com\\\/hotelbonaventuremontreal\\\/\"]}]}<\/script>\n<!-- \/ Yoast SEO plugin. -->","yoast_head_json":{"title":"politique de cookie - H\u00f4tel Bonaventure","robots":{"index":"index","follow":"follow","max-snippet":"max-snippet:-1","max-image-preview":"max-image-preview:large","max-video-preview":"max-video-preview:-1"},"og_locale":"fr_CA","og_type":"article","og_title":"politique de cookie - H\u00f4tel Bonaventure","og_description":"Politique de cookies Des cookies sont utilis\u00e9s sur ce Site web. Un cookie est une information d\u00e9pos\u00e9e sur le terminal qui sert \u00e0 l\u2019Internaute \u00e0 acc\u00e9der au Site. A aucun moment, ces cookies ne permettent \u00e0 l\u2019editeur ou \u00e0 l\u2019\u00e9diteur de ce cookie d\u2019identifier personnellement l\u2019Internaute. La dur\u00e9e de conservation de ces cookies dans le [&hellip;]","og_url":"https:\/\/hotelbonaventure.com\/fr\/politique-de-cookie\/","og_site_name":"H\u00f4tel Bonaventure","article_publisher":"https:\/\/www.facebook.com\/hotelbonaventuremontreal","article_modified_time":"2023-08-21T15:16:02+00:00","og_image":[{"width":2560,"height":1066,"url":"https:\/\/hotelbonaventure.com\/wp-content\/themes\/jupiterx-child\/assets\/img\/hotelbonaventure-logo.jpg","type":"image\/jpeg"}],"twitter_card":"summary_large_image","twitter_site":"@BonaventureHTL","twitter_misc":{"Estimation du temps de lecture":"3 minutes"},"schema":{"@context":"https:\/\/schema.org","@graph":[{"@type":"WebPage","@id":"https:\/\/hotelbonaventure.com\/fr\/politique-de-cookie\/","url":"https:\/\/hotelbonaventure.com\/fr\/politique-de-cookie\/","name":"politique de cookie - H\u00f4tel Bonaventure","isPartOf":{"@id":"https:\/\/hotelbonaventure.com\/fr\/#website"},"datePublished":"2023-08-21T15:09:02+00:00","dateModified":"2023-08-21T15:16:02+00:00","breadcrumb":{"@id":"https:\/\/hotelbonaventure.com\/fr\/politique-de-cookie\/#breadcrumb"},"inLanguage":"fr-CA","potentialAction":[{"@type":"ReadAction","target":["https:\/\/hotelbonaventure.com\/fr\/politique-de-cookie\/"]}]},{"@type":"BreadcrumbList","@id":"https:\/\/hotelbonaventure.com\/fr\/politique-de-cookie\/#breadcrumb","itemListElement":[{"@type":"ListItem","position":1,"name":"Accueil","item":"https:\/\/hotelbonaventure.com\/fr\/"},{"@type":"ListItem","position":2,"name":"politique de cookie"}]},{"@type":"WebSite","@id":"https:\/\/hotelbonaventure.com\/fr\/#website","url":"https:\/\/hotelbonaventure.com\/fr\/","name":"H\u00f4tel Bonaventure","description":"","publisher":{"@id":"https:\/\/hotelbonaventure.com\/fr\/#organization"},"potentialAction":[{"@type":"SearchAction","target":{"@type":"EntryPoint","urlTemplate":"https:\/\/hotelbonaventure.com\/fr\/?s={search_term_string}"},"query-input":{"@type":"PropertyValueSpecification","valueRequired":true,"valueName":"search_term_string"}}],"inLanguage":"fr-CA"},{"@type":"Organization","@id":"https:\/\/hotelbonaventure.com\/fr\/#organization","name":"H\u00f4tel Bonaventure Montr\u00e9al","url":"https:\/\/hotelbonaventure.com\/fr\/","logo":{"@type":"ImageObject","inLanguage":"fr-CA","@id":"https:\/\/hotelbonaventure.com\/fr\/#\/schema\/logo\/image\/","url":"https:\/\/hotelbonaventure.com\/wp-content\/uploads\/2019\/10\/Hotel-Bonaventure-Montreal_gris-scaled.jpg","contentUrl":"https:\/\/hotelbonaventure.com\/wp-content\/uploads\/2019\/10\/Hotel-Bonaventure-Montreal_gris-scaled.jpg","width":2560,"height":1066,"caption":"H\u00f4tel Bonaventure Montr\u00e9al"},"image":{"@id":"https:\/\/hotelbonaventure.com\/fr\/#\/schema\/logo\/image\/"},"sameAs":["https:\/\/www.facebook.com\/hotelbonaventuremontreal","https:\/\/x.com\/BonaventureHTL","https:\/\/www.instagram.com\/hotelbonaventuremontreal\/"]}]}},"_links":{"self":[{"href":"https:\/\/hotelbonaventure.com\/fr\/wp-json\/wp\/v2\/pages\/9301","targetHints":{"allow":["GET"]}}],"collection":[{"href":"https:\/\/hotelbonaventure.com\/fr\/wp-json\/wp\/v2\/pages"}],"about":[{"href":"https:\/\/hotelbonaventure.com\/fr\/wp-json\/wp\/v2\/types\/page"}],"author":[{"embeddable":true,"href":"https:\/\/hotelbonaventure.com\/fr\/wp-json\/wp\/v2\/users\/7"}],"replies":[{"embeddable":true,"href":"https:\/\/hotelbonaventure.com\/fr\/wp-json\/wp\/v2\/comments?post=9301"}],"version-history":[{"count":7,"href":"https:\/\/hotelbonaventure.com\/fr\/wp-json\/wp\/v2\/pages\/9301\/revisions"}],"predecessor-version":[{"id":9308,"href":"https:\/\/hotelbonaventure.com\/fr\/wp-json\/wp\/v2\/pages\/9301\/revisions\/9308"}],"wp:attachment":[{"href":"https:\/\/hotelbonaventure.com\/fr\/wp-json\/wp\/v2\/media?parent=9301"}],"curies":[{"name":"wp","href":"https:\/\/api.w.org\/{rel}","templated":true}]}}